{"id":262,"date":"2024-02-29T11:54:05","date_gmt":"2024-02-29T10:54:05","guid":{"rendered":"https:\/\/www.autotec-europe.com\/it\/?page_id=262"},"modified":"2024-03-01T15:00:13","modified_gmt":"2024-03-01T14:00:13","slug":"sensori-di-temperatura-aria","status":"publish","type":"page","link":"https:\/\/www.autotec-europe.com\/it\/prodotti\/sensori-su-misura-e-sensori-per-la-gestione-del-motore\/sensori-di-temperatura-aria\/","title":{"rendered":"Sensori di Temperatura Aria"},"content":{"rendered":"\t\t<div data-elementor-type=\"wp-page\" data-elementor-id=\"262\" class=\"elementor elementor-262\" data-elementor-post-type=\"page\">\n\t\t\t\t<div class=\"elementor-element elementor-element-8dc893f e-flex e-con-boxed e-con e-parent\" data-id=\"8dc893f\" data-element_type=\"container\" data-e-type=\"container\">\n\t\t\t\t\t<div class=\"e-con-inner\">\n\t\t<div class=\"elementor-element elementor-element-bb820e8 e-con-full e-flex e-con e-child\" data-id=\"bb820e8\" data-element_type=\"container\" data-e-type=\"container\">\n\t\t\t\t<div class=\"elementor-element elementor-element-0a277cb elementor-widget elementor-widget-image\" data-id=\"0a277cb\" data-element_type=\"widget\" data-e-type=\"widget\" data-widget_type=\"image.default\">\n\t\t\t\t<div class=\"elementor-widget-container\">\n\t\t\t\t\t\t\t\t\t\t\t\t\t\t\t<img fetchpriority=\"high\" decoding=\"async\" width=\"500\" height=\"500\" src=\"https:\/\/www.autotec-europe.com\/it\/wp-content\/uploads\/sites\/2\/2024\/02\/autotec-air-temperature-sensor-sensore-temperatura-aria.jpg\" class=\"attachment-large size-large wp-image-350\" alt=\"\" \/>\t\t\t\t\t\t\t\t\t\t\t\t\t\t\t<\/div>\n\t\t\t\t<\/div>\n\t\t\t\t<\/div>\n\t\t<div class=\"elementor-element elementor-element-8fc9d15 e-con-full e-flex e-con e-child\" data-id=\"8fc9d15\" data-element_type=\"container\" data-e-type=\"container\">\n\t\t\t\t<div class=\"elementor-element elementor-element-6b84e88 elementor-widget elementor-widget-heading\" data-id=\"6b84e88\" data-element_type=\"widget\" data-e-type=\"widget\" data-widget_type=\"heading.default\">\n\t\t\t\t<div class=\"elementor-widget-container\">\n\t\t\t\t\t<h1 class=\"elementor-heading-title elementor-size-default\">Sensore di Temperatura Aria<\/h1>\t\t\t\t<\/div>\n\t\t\t\t<\/div>\n\t\t\t\t<div class=\"elementor-element elementor-element-447d1da elementor-widget elementor-widget-breadcrumbs\" data-id=\"447d1da\" data-element_type=\"widget\" data-e-type=\"widget\" data-widget_type=\"breadcrumbs.default\">\n\t\t\t\t<div class=\"elementor-widget-container\">\n\t\t\t\t\t<p id=\"breadcrumbs\"><span><span><a href=\"https:\/\/www.autotec-europe.com\/it\/\">Home<\/a><\/span><\/span><\/p>\t\t\t\t<\/div>\n\t\t\t\t<\/div>\n\t\t\t\t<div class=\"elementor-element elementor-element-15fba6e elementor-widget-divider--view-line elementor-widget elementor-widget-divider\" data-id=\"15fba6e\" data-element_type=\"widget\" data-e-type=\"widget\" data-widget_type=\"divider.default\">\n\t\t\t\t<div class=\"elementor-widget-container\">\n\t\t\t\t\t\t\t<div class=\"elementor-divider\">\n\t\t\t<span class=\"elementor-divider-separator\">\n\t\t\t\t\t\t<\/span>\n\t\t<\/div>\n\t\t\t\t\t\t<\/div>\n\t\t\t\t<\/div>\n\t\t\t\t<div class=\"elementor-element elementor-element-ee0b016 elementor-widget elementor-widget-text-editor\" data-id=\"ee0b016\" data-element_type=\"widget\" data-e-type=\"widget\" data-widget_type=\"text-editor.default\">\n\t\t\t\t<div class=\"elementor-widget-container\">\n\t\t\t\t\t\t\t\t\t<p><span class=\"ui-provider ed axj axk axl axm axn axo axp axq axr axs axt axu axv axw axx axy axz aya ayb ayc ayd aye ayf ayg ayh ayi ayj ayk ayl aym ayn ayo ayp ayq\" dir=\"ltr\">I sensori di temperatura aria misurano la temperatura dell\u2019aria nel collettore d\u2019aspirazione del motore.<br \/>Il valore della temperatura dell\u2019aria \u00e8 necessario ad alcuni sistemi di iniezione elettronica, per poter calcolare in modo indiretto la quantit\u00e0 di aria aspirata, e quindi stabilire il corretto dosaggio della quantit\u00e0 di benzina. In questo modo, vengono garantite basse emissioni inquinanti ed un buon rendimento del motore.<br \/>La temperatura dell\u2019aria del collettore viene convertita dal sensore in una tensione proporzionale ed inviata alla centralina di controllo motore che la elabora tenendo conto anche della pressione assoluta dell\u2019aria e del numero di giri del motore.<\/span><\/p>\t\t\t\t\t\t\t\t<\/div>\n\t\t\t\t<\/div>\n\t\t\t\t<\/div>\n\t\t\t\t\t<\/div>\n\t\t\t\t<\/div>\n\t\t<div class=\"elementor-element elementor-element-e9be3e8 elementor-hidden-desktop elementor-hidden-tablet elementor-hidden-mobile e-flex e-con-boxed e-con e-parent\" data-id=\"e9be3e8\" data-element_type=\"container\" data-e-type=\"container\" data-settings=\"{&quot;background_background&quot;:&quot;classic&quot;}\">\n\t\t\t\t\t<div class=\"e-con-inner\">\n\t\t<div class=\"elementor-element elementor-element-0442ccd e-con-full e-flex e-con e-child\" data-id=\"0442ccd\" data-element_type=\"container\" data-e-type=\"container\">\n\t\t\t\t<div class=\"elementor-element elementor-element-38a9876 elementor-widget elementor-widget-image\" data-id=\"38a9876\" data-element_type=\"widget\" data-e-type=\"widget\" data-widget_type=\"image.default\">\n\t\t\t\t<div class=\"elementor-widget-container\">\n\t\t\t\t\t\t\t\t\t\t\t\t\t\t\t<img decoding=\"async\" width=\"500\" height=\"500\" src=\"https:\/\/www.autotec-europe.com\/it\/wp-content\/uploads\/sites\/2\/2024\/02\/autotec-sensori-gestione-motore-su-misura.jpg\" class=\"attachment-large size-large wp-image-59\" alt=\"\" srcset=\"https:\/\/www.autotec-europe.com\/it\/wp-content\/uploads\/sites\/2\/2024\/02\/autotec-sensori-gestione-motore-su-misura.jpg 500w, https:\/\/www.autotec-europe.com\/it\/wp-content\/uploads\/sites\/2\/2024\/02\/autotec-sensori-gestione-motore-su-misura-300x300.jpg 300w, https:\/\/www.autotec-europe.com\/it\/wp-content\/uploads\/sites\/2\/2024\/02\/autotec-sensori-gestione-motore-su-misura-100x100.jpg 100w, https:\/\/www.autotec-europe.com\/it\/wp-content\/uploads\/sites\/2\/2024\/02\/autotec-sensori-gestione-motore-su-misura-150x150.jpg 150w\" sizes=\"(max-width: 500px) 100vw, 500px\" \/>\t\t\t\t\t\t\t\t\t\t\t\t\t\t\t<\/div>\n\t\t\t\t<\/div>\n\t\t\t\t<\/div>\n\t\t<div class=\"elementor-element elementor-element-a1c6c0e e-con-full e-flex e-con e-child\" data-id=\"a1c6c0e\" data-element_type=\"container\" data-e-type=\"container\">\n\t\t\t\t<div class=\"elementor-element elementor-element-4832b61 elementor-widget elementor-widget-heading\" data-id=\"4832b61\" data-element_type=\"widget\" data-e-type=\"widget\" data-widget_type=\"heading.default\">\n\t\t\t\t<div class=\"elementor-widget-container\">\n\t\t\t\t\t<h2 class=\"elementor-heading-title elementor-size-default\">Aggiungi qui il testo dell\u2019intestazione<\/h2>\t\t\t\t<\/div>\n\t\t\t\t<\/div>\n\t\t\t\t<div class=\"elementor-element elementor-element-e71fe97 elementor-widget-divider--view-line elementor-widget elementor-widget-divider\" data-id=\"e71fe97\" data-element_type=\"widget\" data-e-type=\"widget\" data-widget_type=\"divider.default\">\n\t\t\t\t<div class=\"elementor-widget-container\">\n\t\t\t\t\t\t\t<div class=\"elementor-divider\">\n\t\t\t<span class=\"elementor-divider-separator\">\n\t\t\t\t\t\t<\/span>\n\t\t<\/div>\n\t\t\t\t\t\t<\/div>\n\t\t\t\t<\/div>\n\t\t\t\t<div class=\"elementor-element elementor-element-bbf1b8c elementor-widget elementor-widget-text-editor\" data-id=\"bbf1b8c\" data-element_type=\"widget\" data-e-type=\"widget\" data-widget_type=\"text-editor.default\">\n\t\t\t\t<div class=\"elementor-widget-container\">\n\t\t\t\t\t\t\t\t\t<p>Lorem ipsum dolor sit amet, consectetur adipiscing elit. Ut elit tellus, luctus nec ullamcorper mattis, pulvinar dapibus leo.<\/p>\t\t\t\t\t\t\t\t<\/div>\n\t\t\t\t<\/div>\n\t\t\t\t<\/div>\n\t\t\t\t\t<\/div>\n\t\t\t\t<\/div>\n\t\t\t\t<\/div>\n\t\t","protected":false},"excerpt":{"rendered":"<p>Sensore di Temperatura Aria I sensori di temperatura aria misurano la temperatura dell\u2019aria nel collettore d\u2019aspirazione del motore.Il valore della temperatura dell\u2019aria \u00e8 necessario ad alcuni sistemi di iniezione elettronica, per poter calcolare in modo indiretto la quantit\u00e0 di aria aspirata, e quindi stabilire il corretto dosaggio della quantit\u00e0 di benzina. In questo modo, vengono [&hellip;]<\/p>\n","protected":false},"author":1,"featured_media":0,"parent":174,"menu_order":0,"comment_status":"closed","ping_status":"closed","template":"elementor_header_footer","meta":{"footnotes":""},"class_list":["post-262","page","type-page","status-publish","hentry"],"yoast_head":"<!-- This site is optimized with the Yoast SEO plugin v27.5 - https:\/\/yoast.com\/product\/yoast-seo-wordpress\/ -->\n<title>Sensori di Temperatura Aria - Autotec Europe<\/title>\n<meta name=\"robots\" content=\"index, follow, max-snippet:-1, max-image-preview:large, max-video-preview:-1\" \/>\n<link rel=\"canonical\" href=\"https:\/\/www.autotec-europe.com\/it\/prodotti\/sensori-su-misura-e-sensori-per-la-gestione-del-motore\/sensori-di-temperatura-aria\/\" \/>\n<meta property=\"og:locale\" content=\"it_IT\" \/>\n<meta property=\"og:type\" content=\"article\" \/>\n<meta property=\"og:title\" content=\"Sensori di Temperatura Aria - Autotec Europe\" \/>\n<meta property=\"og:description\" content=\"Sensore di Temperatura Aria I sensori di temperatura aria misurano la temperatura dell\u2019aria nel collettore d\u2019aspirazione del motore.Il valore della temperatura dell\u2019aria \u00e8 necessario ad alcuni sistemi di iniezione elettronica, per poter calcolare in modo indiretto la quantit\u00e0 di aria aspirata, e quindi stabilire il corretto dosaggio della quantit\u00e0 di benzina. In questo modo, vengono [&hellip;]\" \/>\n<meta property=\"og:url\" content=\"https:\/\/www.autotec-europe.com\/it\/prodotti\/sensori-su-misura-e-sensori-per-la-gestione-del-motore\/sensori-di-temperatura-aria\/\" \/>\n<meta property=\"og:site_name\" content=\"Autotec Europe\" \/>\n<meta property=\"article:modified_time\" content=\"2024-03-01T14:00:13+00:00\" \/>\n<meta property=\"og:image\" content=\"https:\/\/www.autotec-europe.com\/it\/wp-content\/uploads\/sites\/2\/2024\/02\/autotec-air-temperature-sensor-sensore-temperatura-aria.jpg\" \/>\n<meta name=\"twitter:card\" content=\"summary_large_image\" \/>\n<meta name=\"twitter:label1\" content=\"Tempo di lettura stimato\" \/>\n\t<meta name=\"twitter:data1\" content=\"2 minuti\" \/>\n<script type=\"application\/ld+json\" class=\"yoast-schema-graph\">{\"@context\":\"https:\\\/\\\/schema.org\",\"@graph\":[{\"@type\":\"WebPage\",\"@id\":\"https:\\\/\\\/www.autotec-europe.com\\\/it\\\/prodotti\\\/sensori-su-misura-e-sensori-per-la-gestione-del-motore\\\/sensori-di-temperatura-aria\\\/\",\"url\":\"https:\\\/\\\/www.autotec-europe.com\\\/it\\\/prodotti\\\/sensori-su-misura-e-sensori-per-la-gestione-del-motore\\\/sensori-di-temperatura-aria\\\/\",\"name\":\"Sensori di Temperatura Aria - Autotec Europe\",\"isPartOf\":{\"@id\":\"https:\\\/\\\/www.autotec-europe.com\\\/it\\\/#website\"},\"primaryImageOfPage\":{\"@id\":\"https:\\\/\\\/www.autotec-europe.com\\\/it\\\/prodotti\\\/sensori-su-misura-e-sensori-per-la-gestione-del-motore\\\/sensori-di-temperatura-aria\\\/#primaryimage\"},\"image\":{\"@id\":\"https:\\\/\\\/www.autotec-europe.com\\\/it\\\/prodotti\\\/sensori-su-misura-e-sensori-per-la-gestione-del-motore\\\/sensori-di-temperatura-aria\\\/#primaryimage\"},\"thumbnailUrl\":\"https:\\\/\\\/www.autotec-europe.com\\\/it\\\/wp-content\\\/uploads\\\/sites\\\/2\\\/2024\\\/02\\\/autotec-air-temperature-sensor-sensore-temperatura-aria.jpg\",\"datePublished\":\"2024-02-29T10:54:05+00:00\",\"dateModified\":\"2024-03-01T14:00:13+00:00\",\"breadcrumb\":{\"@id\":\"https:\\\/\\\/www.autotec-europe.com\\\/it\\\/prodotti\\\/sensori-su-misura-e-sensori-per-la-gestione-del-motore\\\/sensori-di-temperatura-aria\\\/#breadcrumb\"},\"inLanguage\":\"it-IT\",\"potentialAction\":[{\"@type\":\"ReadAction\",\"target\":[\"https:\\\/\\\/www.autotec-europe.com\\\/it\\\/prodotti\\\/sensori-su-misura-e-sensori-per-la-gestione-del-motore\\\/sensori-di-temperatura-aria\\\/\"]}]},{\"@type\":\"ImageObject\",\"inLanguage\":\"it-IT\",\"@id\":\"https:\\\/\\\/www.autotec-europe.com\\\/it\\\/prodotti\\\/sensori-su-misura-e-sensori-per-la-gestione-del-motore\\\/sensori-di-temperatura-aria\\\/#primaryimage\",\"url\":\"https:\\\/\\\/www.autotec-europe.com\\\/it\\\/wp-content\\\/uploads\\\/sites\\\/2\\\/2024\\\/02\\\/autotec-air-temperature-sensor-sensore-temperatura-aria.jpg\",\"contentUrl\":\"https:\\\/\\\/www.autotec-europe.com\\\/it\\\/wp-content\\\/uploads\\\/sites\\\/2\\\/2024\\\/02\\\/autotec-air-temperature-sensor-sensore-temperatura-aria.jpg\",\"width\":500,\"height\":500},{\"@type\":\"BreadcrumbList\",\"@id\":\"https:\\\/\\\/www.autotec-europe.com\\\/it\\\/prodotti\\\/sensori-su-misura-e-sensori-per-la-gestione-del-motore\\\/sensori-di-temperatura-aria\\\/#breadcrumb\",\"itemListElement\":[{\"@type\":\"ListItem\",\"position\":1,\"name\":\"Home\",\"item\":\"https:\\\/\\\/www.autotec-europe.com\\\/it\\\/\"},{\"@type\":\"ListItem\",\"position\":2,\"name\":\"Prodotti\",\"item\":\"https:\\\/\\\/www.autotec-europe.com\\\/it\\\/prodotti\\\/\"},{\"@type\":\"ListItem\",\"position\":3,\"name\":\"Divisione Sensori\",\"item\":\"https:\\\/\\\/www.autotec-europe.com\\\/it\\\/prodotti\\\/sensori-su-misura-e-sensori-per-la-gestione-del-motore\\\/\"},{\"@type\":\"ListItem\",\"position\":4,\"name\":\"Sensori di Temperatura Aria\"}]},{\"@type\":\"WebSite\",\"@id\":\"https:\\\/\\\/www.autotec-europe.com\\\/it\\\/#website\",\"url\":\"https:\\\/\\\/www.autotec-europe.com\\\/it\\\/\",\"name\":\"Autotec Europe\",\"description\":\"The NEW source. What you need... here... now.\",\"publisher\":{\"@id\":\"https:\\\/\\\/www.autotec-europe.com\\\/it\\\/#organization\"},\"potentialAction\":[{\"@type\":\"SearchAction\",\"target\":{\"@type\":\"EntryPoint\",\"urlTemplate\":\"https:\\\/\\\/www.autotec-europe.com\\\/it\\\/?s={search_term_string}\"},\"query-input\":{\"@type\":\"PropertyValueSpecification\",\"valueRequired\":true,\"valueName\":\"search_term_string\"}}],\"inLanguage\":\"it-IT\"},{\"@type\":\"Organization\",\"@id\":\"https:\\\/\\\/www.autotec-europe.com\\\/it\\\/#organization\",\"name\":\"Autotec Europe\",\"url\":\"https:\\\/\\\/www.autotec-europe.com\\\/it\\\/\",\"logo\":{\"@type\":\"ImageObject\",\"inLanguage\":\"it-IT\",\"@id\":\"https:\\\/\\\/www.autotec-europe.com\\\/it\\\/#\\\/schema\\\/logo\\\/image\\\/\",\"url\":\"https:\\\/\\\/www.autotec-europe.com\\\/it\\\/wp-content\\\/uploads\\\/sites\\\/2\\\/2024\\\/02\\\/autotec_logo.png\",\"contentUrl\":\"https:\\\/\\\/www.autotec-europe.com\\\/it\\\/wp-content\\\/uploads\\\/sites\\\/2\\\/2024\\\/02\\\/autotec_logo.png\",\"width\":600,\"height\":196,\"caption\":\"Autotec Europe\"},\"image\":{\"@id\":\"https:\\\/\\\/www.autotec-europe.com\\\/it\\\/#\\\/schema\\\/logo\\\/image\\\/\"}}]}<\/script>\n<!-- \/ Yoast SEO plugin. -->","yoast_head_json":{"title":"Sensori di Temperatura Aria - Autotec Europe","robots":{"index":"index","follow":"follow","max-snippet":"max-snippet:-1","max-image-preview":"max-image-preview:large","max-video-preview":"max-video-preview:-1"},"canonical":"https:\/\/www.autotec-europe.com\/it\/prodotti\/sensori-su-misura-e-sensori-per-la-gestione-del-motore\/sensori-di-temperatura-aria\/","og_locale":"it_IT","og_type":"article","og_title":"Sensori di Temperatura Aria - Autotec Europe","og_description":"Sensore di Temperatura Aria I sensori di temperatura aria misurano la temperatura dell\u2019aria nel collettore d\u2019aspirazione del motore.Il valore della temperatura dell\u2019aria \u00e8 necessario ad alcuni sistemi di iniezione elettronica, per poter calcolare in modo indiretto la quantit\u00e0 di aria aspirata, e quindi stabilire il corretto dosaggio della quantit\u00e0 di benzina. In questo modo, vengono [&hellip;]","og_url":"https:\/\/www.autotec-europe.com\/it\/prodotti\/sensori-su-misura-e-sensori-per-la-gestione-del-motore\/sensori-di-temperatura-aria\/","og_site_name":"Autotec Europe","article_modified_time":"2024-03-01T14:00:13+00:00","og_image":[{"url":"https:\/\/www.autotec-europe.com\/it\/wp-content\/uploads\/sites\/2\/2024\/02\/autotec-air-temperature-sensor-sensore-temperatura-aria.jpg","type":"","width":"","height":""}],"twitter_card":"summary_large_image","twitter_misc":{"Tempo di lettura stimato":"2 minuti"},"schema":{"@context":"https:\/\/schema.org","@graph":[{"@type":"WebPage","@id":"https:\/\/www.autotec-europe.com\/it\/prodotti\/sensori-su-misura-e-sensori-per-la-gestione-del-motore\/sensori-di-temperatura-aria\/","url":"https:\/\/www.autotec-europe.com\/it\/prodotti\/sensori-su-misura-e-sensori-per-la-gestione-del-motore\/sensori-di-temperatura-aria\/","name":"Sensori di Temperatura Aria - Autotec Europe","isPartOf":{"@id":"https:\/\/www.autotec-europe.com\/it\/#website"},"primaryImageOfPage":{"@id":"https:\/\/www.autotec-europe.com\/it\/prodotti\/sensori-su-misura-e-sensori-per-la-gestione-del-motore\/sensori-di-temperatura-aria\/#primaryimage"},"image":{"@id":"https:\/\/www.autotec-europe.com\/it\/prodotti\/sensori-su-misura-e-sensori-per-la-gestione-del-motore\/sensori-di-temperatura-aria\/#primaryimage"},"thumbnailUrl":"https:\/\/www.autotec-europe.com\/it\/wp-content\/uploads\/sites\/2\/2024\/02\/autotec-air-temperature-sensor-sensore-temperatura-aria.jpg","datePublished":"2024-02-29T10:54:05+00:00","dateModified":"2024-03-01T14:00:13+00:00","breadcrumb":{"@id":"https:\/\/www.autotec-europe.com\/it\/prodotti\/sensori-su-misura-e-sensori-per-la-gestione-del-motore\/sensori-di-temperatura-aria\/#breadcrumb"},"inLanguage":"it-IT","potentialAction":[{"@type":"ReadAction","target":["https:\/\/www.autotec-europe.com\/it\/prodotti\/sensori-su-misura-e-sensori-per-la-gestione-del-motore\/sensori-di-temperatura-aria\/"]}]},{"@type":"ImageObject","inLanguage":"it-IT","@id":"https:\/\/www.autotec-europe.com\/it\/prodotti\/sensori-su-misura-e-sensori-per-la-gestione-del-motore\/sensori-di-temperatura-aria\/#primaryimage","url":"https:\/\/www.autotec-europe.com\/it\/wp-content\/uploads\/sites\/2\/2024\/02\/autotec-air-temperature-sensor-sensore-temperatura-aria.jpg","contentUrl":"https:\/\/www.autotec-europe.com\/it\/wp-content\/uploads\/sites\/2\/2024\/02\/autotec-air-temperature-sensor-sensore-temperatura-aria.jpg","width":500,"height":500},{"@type":"BreadcrumbList","@id":"https:\/\/www.autotec-europe.com\/it\/prodotti\/sensori-su-misura-e-sensori-per-la-gestione-del-motore\/sensori-di-temperatura-aria\/#breadcrumb","itemListElement":[{"@type":"ListItem","position":1,"name":"Home","item":"https:\/\/www.autotec-europe.com\/it\/"},{"@type":"ListItem","position":2,"name":"Prodotti","item":"https:\/\/www.autotec-europe.com\/it\/prodotti\/"},{"@type":"ListItem","position":3,"name":"Divisione Sensori","item":"https:\/\/www.autotec-europe.com\/it\/prodotti\/sensori-su-misura-e-sensori-per-la-gestione-del-motore\/"},{"@type":"ListItem","position":4,"name":"Sensori di Temperatura Aria"}]},{"@type":"WebSite","@id":"https:\/\/www.autotec-europe.com\/it\/#website","url":"https:\/\/www.autotec-europe.com\/it\/","name":"Autotec Europe","description":"The NEW source. What you need... here... now.","publisher":{"@id":"https:\/\/www.autotec-europe.com\/it\/#organization"},"potentialAction":[{"@type":"SearchAction","target":{"@type":"EntryPoint","urlTemplate":"https:\/\/www.autotec-europe.com\/it\/?s={search_term_string}"},"query-input":{"@type":"PropertyValueSpecification","valueRequired":true,"valueName":"search_term_string"}}],"inLanguage":"it-IT"},{"@type":"Organization","@id":"https:\/\/www.autotec-europe.com\/it\/#organization","name":"Autotec Europe","url":"https:\/\/www.autotec-europe.com\/it\/","logo":{"@type":"ImageObject","inLanguage":"it-IT","@id":"https:\/\/www.autotec-europe.com\/it\/#\/schema\/logo\/image\/","url":"https:\/\/www.autotec-europe.com\/it\/wp-content\/uploads\/sites\/2\/2024\/02\/autotec_logo.png","contentUrl":"https:\/\/www.autotec-europe.com\/it\/wp-content\/uploads\/sites\/2\/2024\/02\/autotec_logo.png","width":600,"height":196,"caption":"Autotec Europe"},"image":{"@id":"https:\/\/www.autotec-europe.com\/it\/#\/schema\/logo\/image\/"}}]}},"_links":{"self":[{"href":"https:\/\/www.autotec-europe.com\/it\/wp-json\/wp\/v2\/pages\/262","targetHints":{"allow":["GET"]}}],"collection":[{"href":"https:\/\/www.autotec-europe.com\/it\/wp-json\/wp\/v2\/pages"}],"about":[{"href":"https:\/\/www.autotec-europe.com\/it\/wp-json\/wp\/v2\/types\/page"}],"author":[{"embeddable":true,"href":"https:\/\/www.autotec-europe.com\/it\/wp-json\/wp\/v2\/users\/1"}],"replies":[{"embeddable":true,"href":"https:\/\/www.autotec-europe.com\/it\/wp-json\/wp\/v2\/comments?post=262"}],"version-history":[{"count":10,"href":"https:\/\/www.autotec-europe.com\/it\/wp-json\/wp\/v2\/pages\/262\/revisions"}],"predecessor-version":[{"id":444,"href":"https:\/\/www.autotec-europe.com\/it\/wp-json\/wp\/v2\/pages\/262\/revisions\/444"}],"up":[{"embeddable":true,"href":"https:\/\/www.autotec-europe.com\/it\/wp-json\/wp\/v2\/pages\/174"}],"wp:attachment":[{"href":"https:\/\/www.autotec-europe.com\/it\/wp-json\/wp\/v2\/media?parent=262"}],"curies":[{"name":"wp","href":"https:\/\/api.w.org\/{rel}","templated":true}]}}