{"id":3,"date":"2024-02-20T10:34:21","date_gmt":"2024-02-20T09:34:21","guid":{"rendered":"https:\/\/www.autotec-europe.com\/it\/?page_id=3"},"modified":"2024-03-04T11:15:35","modified_gmt":"2024-03-04T10:15:35","slug":"privacy-policy","status":"publish","type":"page","link":"https:\/\/www.autotec-europe.com\/it\/privacy-policy\/","title":{"rendered":"Privacy Policy"},"content":{"rendered":"<!--googleoff: all--><p><strong><u>Informativa sul trattamento dei dati<\/u><\/strong><\/p><p><strong>ai sensi dell\u2019art. 13 del Regolamento (UE) 2016\/679 <\/strong>(relativo alla protezione delle persone fisiche con riguardo al trattamento dei dati personali)<\/p><p>La societ\u00e0 <strong>AUTOTEC EUROPE S.r.l.<\/strong> (c.f.\/p.iva 03164440244) con sede legale in Via Dell\u2019Impresa n.9 - 36040 Brendola (VI), in qualit\u00e0 di Titolare del trattamento dei dati personali (di seguito, \u201cAutotec Europe\u201d e\/o \u201cTitolare del trattamento\u201d) cos\u00ec come definita nel testo di legge vigente, intende informarLa ai sensi dell\u2019art. 13 del Regolamento UE 2016\/679 (di seguito per brevit\u00e0 \u201c<strong>Regolamento<\/strong>\u201d) di assumere la qualifica di titolare dei dati personali che verranno da Lei forniti e che proceder\u00e0 al relativo trattamento per le finalit\u00e0 e secondo le modalit\u00e0 sotto riportate.<\/p><p><strong>1. Finalit\u00e0 e base giuridica del trattamento che non richiedono il consenso dell\u2019interessato<\/strong><\/p><p>I suoi dati verranno trattati esclusivamente per le seguenti finalit\u00e0 per le quali non \u00e8 richiesto il suo consenso:<\/p><p>\u00a0 \u00a0a. esecuzione del contratto;<\/p><p>\u00a0 \u00a0b. adempimento di obblighi previsti da leggi (anche in materia fiscale e contabile);<\/p><p>\u00a0 \u00a0c. gestione dei clienti;<\/p><p>\u00a0 \u00a0d. usufruire\/erogare la prestazione e\/o adempiere ad obblighi contrattuali derivanti dai rapporti in essere con l\u2019interessato;<\/p><p>\u00a0 \u00a0e. per far valere o difendere un diritto in sede giudiziaria connesso all\u2019instaurazione, esecuzione e cessazione del rapporto contrattuale sottoscritto tra le parti.<\/p><p>Ove dovesse conferire dati personali di terzi soggetti (quindi non a Lei direttamente riferiti) a Autotec Europe, Lei si pone come autonomo titolare del trattamento, assumendosi tutti gli obblighi e le responsabilit\u00e0 di legge. In tal senso, Lei conferisce sul punto la pi\u00f9 ampia manleva rispetto ad ogni contestazione, pretesa, richiesta di risarcimento del danno da trattamento, ecc. che dovesse pervenire a Autotec Europe da terzi soggetti i cui dati personali siano stati trattati attraverso il Suo invio spontaneo in violazione delle norme sulla tutela dei dati personali applicabili.<\/p><p>In ogni caso, qualora Lei fornisca o in altro modo tratti dati personali di terzi, garantisce fin da ora - assumendosene ogni connessa responsabilit\u00e0 - che tale particolare ipotesi di trattamento si fonda su un\u2019idonea base giuridica ai sensi dell\u2019art. 6 del Regolamento che legittima il trattamento delle informazioni in questione.<\/p><p>Il trattamento di cui alle precedenti lettere a), b), c), d) ed e) \u00e8 necessario alla prestazione del servizio richiesto dall\u2019utente, con la conseguenza che Autotec Europe non ha l\u2019obbligo di acquisire lo specifico consenso al trattamento dei dati in quanto le basi giuridiche del trattamento dei Suoi dati personali per le finalit\u00e0 sopra indicate\u00a0sono le seguenti:<\/p><ul><li>l\u2019art. 6(1)(b) del Regolamento (\u201c[...] <i>il trattamento \u00e8 necessario all\u2019esecuzione di un contratto di cui l'interessato \u00e8 parte o all'esecuzione di misure precontrattuali adottate su richiesta dello stesso<\/i>\u201d);<\/li><li>l\u2019art. 6(1)(c) del Regolamento (\u201c[...] <i>il trattamento \u00e8 necessario per adempiere un obbligo legale al quale \u00e8 soggetto il titolare del trattamento<\/i>\u201d).<\/li><li><p>l\u2019art. 6(1)(f) del Regolamento <em>(\u201c[\u2026]\u00a0 il trattamento \u00e8 necessario per il perseguimento del legittimo interesse del titolare del trattamento o di terzi, a condizione che non prevalgano gli interessi o i diritti e le libert\u00e0 fondamentali dell'interessato che richiedono la protezione dei dati personali, in particolare se l'interessato \u00e8 un minore<\/em>\u201d).<\/p><\/li><\/ul><p><strong>2. Finalit\u00e0 e base giuridica del trattamento che richiede il suo consenso<\/strong><\/p><p>Previo suo consenso, i suoi dati personali (spontaneamente forniti ovvero raccolti attraverso i <i>cookies<\/i> del sito) potranno essere oggetto di trattamento da parte di Autotec Europe anche per le seguenti finalit\u00e0:<\/p><ul><li><i>marketing<\/i> attraverso l\u2019invio di comunicazioni commerciali e\/o promozionali, a mezzo e-mail, dei prodotti di Autotec Europe.<\/li><\/ul><p>Resta inteso che il trattamento dei dati per questa finalit\u00e0 sar\u00e0 possibile solo con il suo consenso ai sensi dell\u2019articolo 6(1)(a) del Regolamento (\u201c<i>l'interessato ha espresso il consenso al trattamento dei propri dati personali per una o pi\u00f9 specifiche finalit\u00e0<\/i>\u201d).<\/p><p>Il consenso potr\u00e0 essere revocato in qualsiasi momento liberamente nei modi indicati nella presente mail ovvero attraverso il <i>link<\/i> di cancellazione disponibile in ciascuna comunicazione elettronica. L\u2019eventuale mancato rilascio o revoca del consenso non pregiudicano in alcun modo l\u2019esecuzione del contratto.<\/p><p><strong>3. Eventuali destinatari dei dati personali o categorie di destinatari dei dati personali<\/strong><\/p><p>I suoi dati personali potranno essere comunicati, nei limiti di quanto necessario, ad ulteriori soggetti, tra i quali rientrano:<\/p><p>1) personale autorizzato, adeguatamente istruito e formato dal Titolare, i quali si sono impegnati alla riservatezza o abbiano un adeguato obbligo legale di riservatezza;<\/p><p>2) personale dei soggetti terzi che prestano servizi al Titolare che effettuano trattamenti di dati per conto e su istruzione di quest\u2019ultimo quali Responsabile del trattamento, tra i quali:<\/p><p>- societ\u00e0 o studi professionali che prestino attivit\u00e0 di assistenza, consulenza o collaborazione, anche in materia contabile, amministrativa, legale, tributaria e finanziaria, nei confronti dei quali \u00e8 stato concluso un contratto ai sensi e per gli effetti dell\u2019articolo 28 del Regolamento;<\/p><p>- societ\u00e0 terze che si occupano della gestione delle campagne di marketing con le quali \u00e8 stato concluso un contratto ai sensi e per gli effetti dell\u2019articolo 28 del Regolamento.<\/p><p>In ogni caso i dati personali potranno essere comunicati ad autorit\u00e0 giurisdizionali nell\u2019esercizio delle loro funzioni quando richiesto dalla normativa applicabile.<\/p><p><strong>4. Trasferimento dati a Paesi Terzi<\/strong><\/p><p>I suoi dati saranno trasferiti solo all\u2019interno dell\u2019Unione Europea.<\/p><p>Autotec Europe assicura che il trattamento elettronico e cartaceo dei suoi dati personali da parte dei Destinatari avvenga, oltre che nel rispetto della normativa vigente, anche in conformit\u00e0 dei principi indicati agli articoli 45 e 46 del GDPR.<\/p><p><strong>5. Periodo di conservazione dei dati<\/strong><\/p><p>I suoi dati personali verranno conservati per il lasso di tempo strettamente necessario al perseguimento delle specifiche finalit\u00e0 del trattamento. In particolare:<\/p><ul><li>per le finalit\u00e0 indicate alla lettera a), b), c), d) ed e) del precedente punto 1 per il tempo necessario all\u2019adempimento delle obbligazioni contrattuali e, in ogni caso, non oltre 10 anni dalla cessazione del rapporto contrattuale;<\/li><li>per le finalit\u00e0 indicate al precedente punto 2 (ovvero per finalit\u00e0 di marketing) per 24 (ventiquattro) mesi dal momento del rilascio del consenso al trattamento.<\/li><\/ul><p><strong>6. Obbligo di fornire i dati personali<\/strong><\/p><p>Autotec Europe precisa che la comunicazione dei dati per le finalit\u00e0 di cui al precedente punto 1 lett. a), b) c), d) ed e) discende da un obbligo legale e\/o necessario per la conclusione del contratto e che in caso di mancata comunicazione Autotec Europe non potr\u00e0 procedere con l\u2019esecuzione del contratto.<\/p><p>Per quanto concerne i dati comunicati per la finalit\u00e0 di cui al precedente punto 2 (finalit\u00e0 di <i>marketing<\/i>), si precisa che la comunicazione \u00e8 facoltativa ed Autotec Europe sar\u00e0 autorizzata al trattamento solamente previa raccolta del consenso prestato dall\u2019interessato.<\/p><p><strong>7. Diritti dell\u2019interessato<\/strong><\/p><p>Ai sensi degli articoli 15 e seguenti del Regolamento, Lei ha il diritto di chiedere a Autotec Europe, in qualunque momento, l'accesso ai suoi dati personali, la rettifica o la cancellazione degli stessi o di opporsi al loro trattamento nei casi previsti dall'art. 21 del regolamento. Inoltre, Lei ha diritto di richiedere la limitazione del trattamento nei casi previsti dall'art. 18 del regolamento, nonch\u00e9 di ottenere in un formato strutturato, di uso comune e leggibile da dispositivo automatico, i dati che lo riguardano, nei casi previsti dall'art. 20 del Regolamento.<\/p><p>A tal fine, Autotec Europe mette a sua disposizione, nel proprio sito internet, il modello per poter presentare la richiesta.<\/p><p>I predetti diritti potranno essere esercitati inviando apposita richiesta <a target=\"_blank\" rel=\"noreferrer noopener\">(anche tramite il suddetto modello)<\/a> al seguente indirizzo mail: amministrazione@autotec-europe.com<\/p><p>Le richieste relative all\u2019esercizio dei suoi diritti saranno evase senza ingiustificato ritardo e, in ogni modo, entro un mese dalla domanda; solo in casi di particolare complessit\u00e0, tale termine potr\u00e0 essere prorogato di ulteriori 2 (due) mesi.<\/p><p>In ogni caso, Lei ha sempre diritto di proporre reclamo all'autorit\u00e0 di controllo competente (garante per la protezione dei dati personali), ai sensi dell'art. 77 del regolamento, qualora ritenga che il trattamento dei propri dati personali sia contrario alla normativa in vigore.<\/p><!--googleon: all-->\n","protected":false},"excerpt":{"rendered":"","protected":false},"author":1,"featured_media":0,"parent":0,"menu_order":0,"comment_status":"closed","ping_status":"open","template":"","meta":{"footnotes":""},"class_list":["post-3","page","type-page","status-publish","hentry"],"yoast_head":"<!-- This site is optimized with the Yoast SEO plugin v27.5 - https:\/\/yoast.com\/product\/yoast-seo-wordpress\/ -->\n<title>Privacy Policy - Autotec Europe<\/title>\n<meta name=\"robots\" content=\"index, follow, max-snippet:-1, max-image-preview:large, max-video-preview:-1\" \/>\n<link rel=\"canonical\" href=\"https:\/\/www.autotec-europe.com\/it\/privacy-policy\/\" \/>\n<meta property=\"og:locale\" content=\"it_IT\" \/>\n<meta property=\"og:type\" content=\"article\" \/>\n<meta property=\"og:title\" content=\"Privacy Policy - Autotec Europe\" \/>\n<meta property=\"og:url\" content=\"https:\/\/www.autotec-europe.com\/it\/privacy-policy\/\" \/>\n<meta property=\"og:site_name\" content=\"Autotec Europe\" \/>\n<meta property=\"article:modified_time\" content=\"2024-03-04T10:15:35+00:00\" \/>\n<meta name=\"twitter:card\" content=\"summary_large_image\" \/>\n<script type=\"application\/ld+json\" class=\"yoast-schema-graph\">{\"@context\":\"https:\\\/\\\/schema.org\",\"@graph\":[{\"@type\":\"WebPage\",\"@id\":\"https:\\\/\\\/www.autotec-europe.com\\\/it\\\/privacy-policy\\\/\",\"url\":\"https:\\\/\\\/www.autotec-europe.com\\\/it\\\/privacy-policy\\\/\",\"name\":\"Privacy Policy - Autotec Europe\",\"isPartOf\":{\"@id\":\"https:\\\/\\\/www.autotec-europe.com\\\/it\\\/#website\"},\"datePublished\":\"2024-02-20T09:34:21+00:00\",\"dateModified\":\"2024-03-04T10:15:35+00:00\",\"breadcrumb\":{\"@id\":\"https:\\\/\\\/www.autotec-europe.com\\\/it\\\/privacy-policy\\\/#breadcrumb\"},\"inLanguage\":\"it-IT\",\"potentialAction\":[{\"@type\":\"ReadAction\",\"target\":[\"https:\\\/\\\/www.autotec-europe.com\\\/it\\\/privacy-policy\\\/\"]}]},{\"@type\":\"BreadcrumbList\",\"@id\":\"https:\\\/\\\/www.autotec-europe.com\\\/it\\\/privacy-policy\\\/#breadcrumb\",\"itemListElement\":[{\"@type\":\"ListItem\",\"position\":1,\"name\":\"Home\",\"item\":\"https:\\\/\\\/www.autotec-europe.com\\\/it\\\/\"},{\"@type\":\"ListItem\",\"position\":2,\"name\":\"Privacy Policy\"}]},{\"@type\":\"WebSite\",\"@id\":\"https:\\\/\\\/www.autotec-europe.com\\\/it\\\/#website\",\"url\":\"https:\\\/\\\/www.autotec-europe.com\\\/it\\\/\",\"name\":\"Autotec Europe\",\"description\":\"The NEW source. What you need... here... now.\",\"publisher\":{\"@id\":\"https:\\\/\\\/www.autotec-europe.com\\\/it\\\/#organization\"},\"potentialAction\":[{\"@type\":\"SearchAction\",\"target\":{\"@type\":\"EntryPoint\",\"urlTemplate\":\"https:\\\/\\\/www.autotec-europe.com\\\/it\\\/?s={search_term_string}\"},\"query-input\":{\"@type\":\"PropertyValueSpecification\",\"valueRequired\":true,\"valueName\":\"search_term_string\"}}],\"inLanguage\":\"it-IT\"},{\"@type\":\"Organization\",\"@id\":\"https:\\\/\\\/www.autotec-europe.com\\\/it\\\/#organization\",\"name\":\"Autotec Europe\",\"url\":\"https:\\\/\\\/www.autotec-europe.com\\\/it\\\/\",\"logo\":{\"@type\":\"ImageObject\",\"inLanguage\":\"it-IT\",\"@id\":\"https:\\\/\\\/www.autotec-europe.com\\\/it\\\/#\\\/schema\\\/logo\\\/image\\\/\",\"url\":\"https:\\\/\\\/www.autotec-europe.com\\\/it\\\/wp-content\\\/uploads\\\/sites\\\/2\\\/2024\\\/02\\\/autotec_logo.png\",\"contentUrl\":\"https:\\\/\\\/www.autotec-europe.com\\\/it\\\/wp-content\\\/uploads\\\/sites\\\/2\\\/2024\\\/02\\\/autotec_logo.png\",\"width\":600,\"height\":196,\"caption\":\"Autotec Europe\"},\"image\":{\"@id\":\"https:\\\/\\\/www.autotec-europe.com\\\/it\\\/#\\\/schema\\\/logo\\\/image\\\/\"}}]}<\/script>\n<!-- \/ Yoast SEO plugin. -->","yoast_head_json":{"title":"Privacy Policy - Autotec Europe","robots":{"index":"index","follow":"follow","max-snippet":"max-snippet:-1","max-image-preview":"max-image-preview:large","max-video-preview":"max-video-preview:-1"},"canonical":"https:\/\/www.autotec-europe.com\/it\/privacy-policy\/","og_locale":"it_IT","og_type":"article","og_title":"Privacy Policy - Autotec Europe","og_url":"https:\/\/www.autotec-europe.com\/it\/privacy-policy\/","og_site_name":"Autotec Europe","article_modified_time":"2024-03-04T10:15:35+00:00","twitter_card":"summary_large_image","schema":{"@context":"https:\/\/schema.org","@graph":[{"@type":"WebPage","@id":"https:\/\/www.autotec-europe.com\/it\/privacy-policy\/","url":"https:\/\/www.autotec-europe.com\/it\/privacy-policy\/","name":"Privacy Policy - Autotec Europe","isPartOf":{"@id":"https:\/\/www.autotec-europe.com\/it\/#website"},"datePublished":"2024-02-20T09:34:21+00:00","dateModified":"2024-03-04T10:15:35+00:00","breadcrumb":{"@id":"https:\/\/www.autotec-europe.com\/it\/privacy-policy\/#breadcrumb"},"inLanguage":"it-IT","potentialAction":[{"@type":"ReadAction","target":["https:\/\/www.autotec-europe.com\/it\/privacy-policy\/"]}]},{"@type":"BreadcrumbList","@id":"https:\/\/www.autotec-europe.com\/it\/privacy-policy\/#breadcrumb","itemListElement":[{"@type":"ListItem","position":1,"name":"Home","item":"https:\/\/www.autotec-europe.com\/it\/"},{"@type":"ListItem","position":2,"name":"Privacy Policy"}]},{"@type":"WebSite","@id":"https:\/\/www.autotec-europe.com\/it\/#website","url":"https:\/\/www.autotec-europe.com\/it\/","name":"Autotec Europe","description":"The NEW source. What you need... here... now.","publisher":{"@id":"https:\/\/www.autotec-europe.com\/it\/#organization"},"potentialAction":[{"@type":"SearchAction","target":{"@type":"EntryPoint","urlTemplate":"https:\/\/www.autotec-europe.com\/it\/?s={search_term_string}"},"query-input":{"@type":"PropertyValueSpecification","valueRequired":true,"valueName":"search_term_string"}}],"inLanguage":"it-IT"},{"@type":"Organization","@id":"https:\/\/www.autotec-europe.com\/it\/#organization","name":"Autotec Europe","url":"https:\/\/www.autotec-europe.com\/it\/","logo":{"@type":"ImageObject","inLanguage":"it-IT","@id":"https:\/\/www.autotec-europe.com\/it\/#\/schema\/logo\/image\/","url":"https:\/\/www.autotec-europe.com\/it\/wp-content\/uploads\/sites\/2\/2024\/02\/autotec_logo.png","contentUrl":"https:\/\/www.autotec-europe.com\/it\/wp-content\/uploads\/sites\/2\/2024\/02\/autotec_logo.png","width":600,"height":196,"caption":"Autotec Europe"},"image":{"@id":"https:\/\/www.autotec-europe.com\/it\/#\/schema\/logo\/image\/"}}]}},"_links":{"self":[{"href":"https:\/\/www.autotec-europe.com\/it\/wp-json\/wp\/v2\/pages\/3","targetHints":{"allow":["GET"]}}],"collection":[{"href":"https:\/\/www.autotec-europe.com\/it\/wp-json\/wp\/v2\/pages"}],"about":[{"href":"https:\/\/www.autotec-europe.com\/it\/wp-json\/wp\/v2\/types\/page"}],"author":[{"embeddable":true,"href":"https:\/\/www.autotec-europe.com\/it\/wp-json\/wp\/v2\/users\/1"}],"replies":[{"embeddable":true,"href":"https:\/\/www.autotec-europe.com\/it\/wp-json\/wp\/v2\/comments?post=3"}],"version-history":[{"count":1,"href":"https:\/\/www.autotec-europe.com\/it\/wp-json\/wp\/v2\/pages\/3\/revisions"}],"predecessor-version":[{"id":474,"href":"https:\/\/www.autotec-europe.com\/it\/wp-json\/wp\/v2\/pages\/3\/revisions\/474"}],"wp:attachment":[{"href":"https:\/\/www.autotec-europe.com\/it\/wp-json\/wp\/v2\/media?parent=3"}],"curies":[{"name":"wp","href":"https:\/\/api.w.org\/{rel}","templated":true}]}}